{"id":51,"date":"2017-05-31T20:11:45","date_gmt":"2017-05-31T20:11:45","guid":{"rendered":"http:\/\/ulrikedemske.de\/?page_id=51"},"modified":"2017-05-31T20:11:45","modified_gmt":"2017-05-31T20:11:45","slug":"zur-person","status":"publish","type":"page","link":"https:\/\/ulrikedemske.de\/","title":{"rendered":"Zur Person"},"content":{"rendered":"<p class=\"bodytext\">Studium der Germanistik und Geographie an den Universit\u00e4ten T\u00fcbingen und Aix-en-Provence. Staatsexamen 1988. Promotion 1993 an der Universit\u00e4t T\u00fcbingen. 1997\u00a0<a title=\"Link zur Internetseite des Hugo-Moser-Preises\" href=\"http:\/\/www.ids-mannheim.de\/org\/moser1.html\" target=\"_blank\" rel=\"noopener noreferrer\">Hugo-Moser-Preis<\/a>\u00a0des Instituts f\u00fcr Deutsche Sprache in Mannheim. Habilitation 1999 an der Universit\u00e4t Jena. Als Postdoktorandin von 1993 bis 1995 an der University of Massachusetts in Amherst und am Zentrum f\u00fcr Allgemeine Sprachwissenschaft in Berlin. Von 1996 bis 2000 als wissenschaftliche Mitarbeiterin an den germanistischen Instituten der Universit\u00e4ten Stuttgart und Jena sowie am anglistischen Institut der Universit\u00e4t Leipzig. Nach Vertretungsprofessuren in T\u00fcbingen und Jena Professur f\u00fcr die &#8218;Grammatik der deutschen Gegenwartssprache einschlie\u00dflich der j\u00fcngeren deutschen Sprachgeschichte&#8216; an der Universit\u00e4t des Saarlandes (2002 bis 2011). Von 2003 bis 2005 Gesch\u00e4ftsf\u00fchrende Professorin der Fachrichtung Germanistik, 2006 bis 2007 Dekanin der Philosophischen Fakult\u00e4t II und Mitglied des akademischen Senats. 2007 bis 2009 Vizepr\u00e4sidentin f\u00fcr Lehre und Studium. Seit Oktober 2011 Professur f\u00fcr &#8218;Geschichte und Variation der deutschen Sprache&#8216; an der Universit\u00e4t Potsdam. Von\u00a0Januar 2013 bis Dezember 2015\u00a0Vizepr\u00e4sidentin f\u00fcr Internationales, Alumni und Fundraising [<a title=\"Link zur Internetseite von AkademiaNet\" href=\"http:\/\/www.akademianet.de\/artikel\/1133672\" target=\"_blank\" rel=\"noopener noreferrer\">AcademiaNet<\/a>].<\/p>\n","protected":false},"excerpt":{"rendered":"<p>Studium der Germanistik und Geographie an den Universit\u00e4ten T\u00fcbingen und Aix-en-Provence. Staatsexamen 1988. Promotion 1993 an der Universit\u00e4t T\u00fcbingen. 1997\u00a0Hugo-Moser-Preis\u00a0des Instituts f\u00fcr Deutsche Sprache in Mannheim. Habilitation 1999 an der Universit\u00e4t Jena. Als Postdoktorandin von 1993 bis 1995 an der University of Massachusetts in Amherst und am Zentrum f\u00fcr Allgemeine Sprachwissenschaft in Berlin. Von 1996 &#8230; <span class=\"more\"><a class=\"more-link\" href=\"https:\/\/ulrikedemske.de\/\">[Read more&#8230;]<\/a><\/span><\/p>\n","protected":false},"author":1,"featured_media":0,"parent":0,"menu_order":0,"comment_status":"closed","ping_status":"closed","template":"","meta":{"footnotes":""},"class_list":["entry","page","publish","author-udemske","post-51"],"_links":{"self":[{"href":"https:\/\/ulrikedemske.de\/index.php?rest_route=\/wp\/v2\/pages\/51","targetHints":{"allow":["GET"]}}],"collection":[{"href":"https:\/\/ulrikedemske.de\/index.php?rest_route=\/wp\/v2\/pages"}],"about":[{"href":"https:\/\/ulrikedemske.de\/index.php?rest_route=\/wp\/v2\/types\/page"}],"author":[{"embeddable":true,"href":"https:\/\/ulrikedemske.de\/index.php?rest_route=\/wp\/v2\/users\/1"}],"replies":[{"embeddable":true,"href":"https:\/\/ulrikedemske.de\/index.php?rest_route=%2Fwp%2Fv2%2Fcomments&post=51"}],"version-history":[{"count":1,"href":"https:\/\/ulrikedemske.de\/index.php?rest_route=\/wp\/v2\/pages\/51\/revisions"}],"predecessor-version":[{"id":52,"href":"https:\/\/ulrikedemske.de\/index.php?rest_route=\/wp\/v2\/pages\/51\/revisions\/52"}],"wp:attachment":[{"href":"https:\/\/ulrikedemske.de\/index.php?rest_route=%2Fwp%2Fv2%2Fmedia&parent=51"}],"curies":[{"name":"wp","href":"https:\/\/api.w.org\/{rel}","templated":true}]}}