{"id":38,"date":"2017-05-31T19:34:17","date_gmt":"2017-05-31T19:34:17","guid":{"rendered":"http:\/\/ulrikedemske.de\/?page_id=38"},"modified":"2024-08-08T07:33:12","modified_gmt":"2024-08-08T07:33:12","slug":"test","status":"publish","type":"page","link":"https:\/\/ulrikedemske.de\/?page_id=38","title":{"rendered":"Publikationen"},"content":{"rendered":"\n<h2 class=\"wp-block-heading\">Monographien<\/h2>\n\n\n\n<p class=\"bodytext\">Demske, Ulrike 2001.&nbsp;<em>Grammatische Merkmale und Relationen. Diachrone Studien zur Nominalphrase des Deutschen<\/em>. Berlin: de Gruyter.<\/p>\n\n\n\n<p class=\"bodytext\">Demske, Ulrike 1994.<i>&nbsp;Modales Passiv und Tough Movement &#8211; Zur strukturellen Kausalit\u00e4t eines syntaktischen Wandels im Deutschen und Englischen.<\/i>&nbsp;T\u00fcbingen: Niemeyer.<\/p>\n\n\n\n<h2 class=\"wp-block-heading\">Herausgaben<\/h2>\n\n\n\n<p>Bosch, Sina, Ilaria De Cesare,&nbsp;<strong>Ulrike&nbsp;Demske&nbsp;<\/strong>&amp; Claudia Felser. 2021. Eds.&nbsp;<a href=\"https:\/\/www.mdpi.com\/journal\/languages\/special_issues\/GrammaticalVariation_Change\" target=\"_blank\" rel=\"noreferrer noopener\">New Empirical Approaches to Grammatical Variation and Change<\/a>. Special Issue of&nbsp;<em>Languages<\/em>.<\/p>\n\n\n\n<p>J\u0119drzejowski,&nbsp;\u0141ukasz&nbsp; &amp;&nbsp;<strong>Ulrike Demske<\/strong> (eds.). 2017. <i>Infinitives at the Syntax-Semantics Interface: A Diachronic Perspective<\/i>.&nbsp;Trends in Linguistics. Berlin: Mouton de Gruyter,<\/p>\n\n\n\n<p><strong>Demske, Ulrike <\/strong>&amp; \u0141ukasz J\u0119drzejowski (eds.). 2015. The Diachrony of Infinitival Patterns: Their Origin, Development\u00a0and Loss. Special Issue of Journal of Historical Linguistics.<\/p>\n\n\n\n<h2 class=\"wp-block-heading\">Aufs\u00e4tze<\/h2>\n\n\n\n<p>De Cesare, Ilaria&nbsp;&amp;&nbsp;<strong>Ulrike Demske<\/strong>. angenommen.&nbsp;Aspectual Verbs in German: A diachronic view.&nbsp;<em>Journal of Germanic Linguistics<\/em>.&nbsp;<\/p>\n\n\n\n<p>De Cesare, Ilaria,&nbsp;Sina Bosch, Claudia Felser &amp;&nbsp;<strong>Ulrike Demske<\/strong>. erscheint.&nbsp;Word order change in German infinitival complementation: The role of processing-related factors.&nbsp;<em>Diachronica.<\/em><\/p>\n\n\n\n<p>Bloom, Barthe, Malika Reetz &amp;<strong>&nbsp; Ulrike Demske<\/strong>. 2024. Romankorpus Fr\u00fchneuhochdeutsch (Roko.UP): A Collection of Early Modern German Narrative Prose.&nbsp;<em>Journal of Open Humanities Data<\/em>, X(X),&nbsp; 1\u20137.&nbsp;DOI:&nbsp;<a href=\"https:\/\/doi.org\/10.5334\/\" target=\"_blank\" rel=\"noreferrer noopener\">doi.org\/10.5334\/<\/a><\/p>\n\n\n\n<p>Bosch, Sina, Ilaria De Cesare,&nbsp;<strong>Ulrike Demske&nbsp;<\/strong>&amp; Claudia Felser. 2023. Word-order variation and coherence in German infinitival complementation<em>. The Journal of Comparative Germanic Linguistics<\/em>&nbsp; 26,1.<\/p>\n\n\n\n<p>Bosch, Sina, Ilaria De Cesare, Claudia Felser &amp;&nbsp;<strong>Ulrike<\/strong>&nbsp;<strong>Demske<\/strong>. 2022. A multi-methodological approach to word order variation in German infinitival complementation. In R. H\u00f6rnig,&nbsp; S. von Wietersheim, A. Konietzko &amp; S. Featherston (eds.),&nbsp;<a href=\"https:\/\/publikationen.uni-tuebingen.de\/xmlui\/handle\/10900\/119301\">Proceedings of Linguistic Evidence 2020<\/a>. Universit\u00e4t T\u00fcbingen.<\/p>\n\n\n\n<p>Demske, Ulrike. 2022.&nbsp;<a href=\"https:\/\/ojs.ub.uni-konstanz.de\/hs\/index.php\/hs\/article\/view\/136\">Variation across newspapers in Early Modern German: degrees of syntactic complexity<\/a>. In Feike Dietz, Marjo van Koppen, Cora van de Poppe, Marijn Schraagen &amp; Joanna Wall (eds.),&nbsp;<em>Cross-disciplinary approaches to linguistic variation in Early Modern West Germanic<\/em>. Special issue of&nbsp;<em>Journal of Historical Syntax&nbsp;<\/em>6 (15), 1\u201336.<\/p>\n\n\n\n<p>Demske, Ulrike. 2022.&nbsp;<a href=\"https:\/\/langsci-press.org\/catalog\/book\/336\">Silent Heads in Early New High German<\/a>. In: U. Freywald, H. Simon &amp; S. M\u00fcller (eds.):&nbsp;<em>Headedness and\/or grammatical anarchy?<\/em>&nbsp;Empirically Oriented Theoretical Morphology and Syntax. Berlin: Language Science Press, 123-151.<\/p>\n\n\n\n<p>Demske, Ulrike. 2021. Grenzen morphologischer Variation. Zum Verbalpr\u00e4fix&nbsp;<em>ge-<\/em>&nbsp;in deutschen Dialekten. In: A. Speyer &amp; J. Hertel (Hg.): Syntax aus Saarbr\u00fccker Sicht 4: Beitr\u00e4ge der SaRDiS-Tagung zur Dialektsyntax. Stuttgart: Steiner (Zeitschrift f\u00fcr Dialektologie und Linguistik), 107\u2013126.<\/p>\n\n\n\n<p>Demske, Ulrike. 2020.&nbsp;<a href=\"https:\/\/benjamins.com\/catalog\/silv.23.02dem\">The grammaticalization of the definite article in German: from demonstratives to weak definites<\/a>. In: R. Szczepaniak&nbsp; &amp; J. Flick (eds.):&nbsp;<em>Walking on the Grammaticalization Path of the Definite Article in German: Functional Main and Side Roads<\/em>. Amsterdam: Benjamins, 43\u201373.<\/p>\n\n\n\n<p>Demske, Ulrike. 2020.&nbsp;<a href=\"https:\/\/doi.org\/10.11282\/jggls.2.0_9\">Zur Grammatikalisierung von &#8218;gehen&#8216; im Deutschen.<\/a>Forum Japanisch-Germanistischer Sprachforschung&nbsp; 2, 9-42.<\/p>\n\n\n\n<p>Demske, Ulrike. 2019. Zur Autonomie indirekter Redewiedergabe \u2013 eine diachrone Perspektive.&nbsp;<em>Zeitschrift f\u00fcr Germanistische Linguistik<\/em>&nbsp;47, 70-101.<\/p>\n\n\n\n<p>Demske, Ulrike. 2019. Aspectual features and categorial shift: deverbal nominals in German and English.&nbsp;In: H. Cuyckens, L. Heyvaert &amp; S. Hartmann (eds.):&nbsp;<em>Categorial shift. From description to theory and back again.<\/em>&nbsp;Special Issues of Language Sciences 73, 50-61.<\/p>\n\n\n\n<p>Demske, Ulrike. 2018. Syntax and discourse structure: verb-final main clauses in German. In: M. Antomo &amp; S. M\u00fcller (eds.):&nbsp;<em>Non-Canonical Verb Positioning in Main Clauses.<\/em>&nbsp;Special Issue of Linguistische Berichte 25, 137\u2013159.<\/p>\n\n\n\n<p class=\"bodytext\">Demske, Ulrike. 2017. Aspectual features and categorial shift: deverbal nominals in German and English. [eingereicht]<\/p>\n\n\n\n<p class=\"bodytext\">J\u0119drzejowski,&nbsp;\u0141ukasz&nbsp; &amp;&nbsp;Ulrike Demske. 2017. Infinitival patterns and their diachronic dynamics: questions and challenges. In:&nbsp;J\u0119drzejowski,&nbsp;\u0141ukasz&nbsp; &amp;&nbsp;Ulrike Demske (eds.):&nbsp;<i>Infinitives at the Syntax-Semantics Interface: A Diachronic Perspective<\/i>.&nbsp;Trends in Linguistics. Berlin: Mouton de Gruyter, 1\u201328.<\/p>\n\n\n\n<p class=\"bodytext\">Demske, Ulrike. 2016. The Grammaticalization of the Definite Article in German: Evidence from Weak Definites. [eingereicht]<\/p>\n\n\n\n<p class=\"bodytext\">Demske, Ulrike. 2016.&nbsp;Zur Komplexit\u00e4t des Fr\u00fchneuhochdeutschen. In: Sarah Kwekkeboom&nbsp;&amp; Sandra Waldenberger (Hgg.):<i>&nbsp;PerspektivWechsel oder: Die Wiederentdeckung&nbsp;der Philologie Band 1: Sprachdaten und Grundlagenforschung&nbsp;in der Historischen Linguistik<\/i>. Berlin: Erich Schmidt-Verlag, 437\u2013454.<\/p>\n\n\n\n<p class=\"bodytext\">Demske, Ulrike. 2015. Towards coherent infinitival patterns in the history of German.&nbsp;<i>Journal of Historical Linguistics<\/i>&nbsp;5.1, 6 \u2013 40.<\/p>\n\n\n\n<p class=\"bodytext\">Demske, Ulrike. 2014.&nbsp;Verbstellungsvariation in hypothetischen Vergleichss\u00e4tzen. In:&nbsp;<i>Linguistische Berichte<\/i>&nbsp;238, 101-140.<\/p>\n\n\n\n<p class=\"bodytext\">Logacev, Pavel, Katrin Goldschmidt &amp; Ulrike Demske. 2014. POS-Tagging Historical Corpora: The Case of Early New High German. In: Verena Henrich et al. (eds.):&nbsp;<i>Proceedings of the Thirtenth Workshop on Treebanks and Linguistic Theories<\/i>. T\u00fcbingen, 103-112.<\/p>\n\n\n\n<p class=\"bodytext\">Pauly, Dennis, Ulyana Senyuk &amp; Ulrike Demske. 2012. Strukturelle Mehrdeutigkeit in fr\u00fchneuhochdeutschen Texten.&nbsp;<i>Journal for Language Technology and Computational Linguistics<\/i>&nbsp;27, 65-82.<\/p>\n\n\n\n<p class=\"bodytext\">Demske, Ulrike .2011.&nbsp;Finale Marker in Infinitivkonstruktionen &#8211; Wandel und Variation. In: Helen Christen, Franz Patocka und Evelyn Ziegler (Hgg.):&nbsp;<i>Struktur, Gebrauch und Wahrnehmung von Dialekt<\/i>. Wien: Praesens Verlag, 29-46.<\/p>\n\n\n\n<p class=\"bodytext\">Demske, Ulrike 2010.&nbsp;Subordinationsmarker im Deutschen: Zur Geschichte hypothetischer Vergleichss\u00e4tze. In: Franz Simmler und Claudia Wich-Reif (Hgg.):&nbsp;<i>Geschichte der Gesamtsatzstrukturen vom Althochdeutschen bis zum Fr\u00fchneuhochdeutschen.<\/i>&nbsp;Bern: Peter Lang (= Jahrbuch f\u00fcr Internationale Germanistik 104), 9-31.<\/p>\n\n\n\n<p class=\"bodytext\">Demske, Ulrike 2009. Zur Markierung von Konsekutivit\u00e4t im Deutschen: Diachrone Aspekte. In: Veronika Ehrich, Christian Fortmann, Ingo Reich und Marga Reis (Hgg.):&nbsp;<i>Koordination und Subordination im Deutschen<\/i>. Sonderheft der Linguistischen Berichte 16, 43-66.<\/p>\n\n\n\n<p class=\"bodytext\">Demske, Ulrike 2008. Raising patterns in Old High German. In: Th\u00f3rhallur Eyth\u00f3rsson (ed.):&nbsp;<i>Grammatical Change and Linguistic Theory: the Rosendahl Papers<\/i>. Amsterdam: Benjamins, 143-172.<\/p>\n\n\n\n<p class=\"bodytext\">Demske, Ulrike 2008. Symmetrische und asymmetrische Koordination im Fr\u00fchneuhochdeutschen. In: Waldemar Czachur &amp; Marta Czyzewska (Hgg.):&nbsp;<i>Vom Wort zum Text. Studien zur deutschen Sprache und Kultur. Festschrift f\u00fcr Professor J\u00f3zef Wiktorowicz zum 65. Geburtstag<\/i>. Warszawa: Uniwersytetu Warszawskiego, 299-309.<\/p>\n\n\n\n<p class=\"bodytext\">Demske, Ulrike. 2008. Von morphomischen St\u00e4mmen und morphologischen Paradigmen in der Verbalflexion des Deutschen. In: Albrecht Greule, Hans-Walter Herrmann, Klaus Ridder und Andreas Schorr (Hgg.):&nbsp;<i>Studien zu Literatur, Sprache und Geschichte in Europa. Wolfgang Haubrichs zum 65. Geburtstag gewidmet.<\/i>&nbsp;St. Ingbert: R\u00f6hrig, 135-148.<\/p>\n\n\n\n<p class=\"bodytext\">Demske, Ulrike. 2008. Mikrovariation in deutschen Dialekten: Zur Formenbildung des Partizip II.&nbsp;<i>Zeitschrift f\u00fcr Dialektologie und Linguistik 75<\/i>, 61-71.<\/p>\n\n\n\n<p class=\"bodytext\">Demske, Ulrike 2007. Das Mercurius-Projekt: eine Baumbank f\u00fcr das Fr\u00fchneuhochdeutsche In: Gisela Zifonun &amp; Werner Kallmeyer (Hgg.):&nbsp;<i>Sprachkorpora &#8211; Datenmengen und Erkenntnisfortschritt<\/i>. Berlin: de Gruyter (= Jahrbuch des Instituts f\u00fcr deutsche Sprache 2006), 91-104.<\/p>\n\n\n\n<p class=\"bodytext\">Demske, Ulrike (2005). Weshalb Demonstrativpronomina nicht immer Determinantien sind. In: Franz-Josef d\u2019Avis (Hg.):&nbsp;<i>Deutsche Syntax: Empirie und Theorie. Symposium G\u00f6teborg 13. -15. Mai 2004.&nbsp;<\/i>G\u00f6teborg: Acta Universitatis Gothoburgensis (= G\u00f6teborger Germanistische Forschungen 46), 53-80.<\/p>\n\n\n\n<p class=\"bodytext\">Demske, Ulrike (2005). Modale Infinitivkonstruktionen im Deutschen: Zur Entstehung des modalen Passivs. In: Frank Beckmann &amp; Stefanie Eschenlohr (Hgg.): <i>Neuere Arbeiten zur Diathesenforschung. T\u00fcbingen.<\/i>&nbsp;Stauffenburg (= Studien zur deutschen Grammatik 64).<\/p>\n\n\n\n<p class=\"bodytext\">Demske, Ulrike, Nicola Frank, Stefanie Laufer &amp; Hendrik Stiemer (2004).&nbsp;Syntactic Interpretation of an Early New High German Corpus. In: Sandra K\u00fcbler et al. (eds.): <i>Proceedings of the Third Workshop on Treebanks and Linguistic Theories<\/i> (TLT 2004). T\u00fcbingen, 175-182.<\/p>\n\n\n\n<p class=\"bodytext\">Demske, Ulrike (2002). Nominalization and Argument Structure in Early New High German. In: Ewald Lang &amp; Ilse Zimmermann (Hgg.): <i>Nominalization<\/i>. Berlin: ZASPIL 27, 67-90.<\/p>\n\n\n\n<p class=\"bodytext\">Demske, Ulrike (2001). Zur Distribution von Infinitivkomplementen im Althochdeutschen. In: Reimar M\u00fcller &amp; Marga Reis (Hgg.): <i>Modalit\u00e4t und Modalverben im Deutschen<\/i>. Sonderheft der Linguistischen Berichte 9, 61-86.<\/p>\n\n\n\n<p class=\"bodytext\">Demske, Ulrike (2000). Zur Geschichte der&nbsp;<i>ung<\/i>-Nominalisierung im Deutschen: Ein Wandel morphologischer Produktivit\u00e4t. <i>Beitr\u00e4ge zur Geschichte der deutschen Sprache und Literatur<\/i> 122, 365-411.<\/p>\n\n\n\n<p class=\"bodytext\">Demske, Ulrike (1999). Case Compounds in the History of German. In: Matthias Butt &amp; Nanna Fuhrhop (Hgg.): Variation und Stabilit\u00e4t in der Wortstruktur. <i>Germanistische Linguistik<\/i> 141\/142, 150-176.<\/p>\n\n\n\n<p class=\"bodytext\">Demske, Ulrike (1999). Nominalisierungen im Deutschen und Englischen: \u00dcberlegungen zu einer Theorie sprachlichen Wandels. In: Siegfried Kanngie\u00dfer &amp; Petra Vogel (Hgg.): Elemente des Sprachwandels. Opladen: Westdeutscher Verlag, 98-138.<\/p>\n\n\n\n<p class=\"bodytext\">Demske-Neumann, Ulrike (1990). Charakteristische Strukturen von Satzgef\u00fcgen in den Zeitungen des 17. Jahrhunderts. In: Anne Betten (Hg.): <i>Neuere Forschungen zur historischen Syntax des Deutschen<\/i>. T\u00fcbingen: Niemeyer, 239-252.<\/p>\n\n\n\n<h2 class=\"wp-block-heading\"><\/h2>\n","protected":false},"excerpt":{"rendered":"<p>Monographien Demske, Ulrike 2001.&nbsp;Grammatische Merkmale und Relationen. Diachrone Studien zur Nominalphrase des Deutschen. Berlin: de Gruyter. Demske, Ulrike 1994.&nbsp;Modales Passiv und Tough Movement &#8211; Zur strukturellen Kausalit\u00e4t eines syntaktischen Wandels im Deutschen und Englischen.&nbsp;T\u00fcbingen: Niemeyer. Herausgaben Bosch, Sina, Ilaria De Cesare,&nbsp;Ulrike&nbsp;Demske&nbsp;&amp; Claudia Felser. 2021. Eds.&nbsp;New Empirical Approaches to Grammatical Variation and Change. Special Issue of&nbsp;Languages. &#8230; <span class=\"more\"><a class=\"more-link\" href=\"https:\/\/ulrikedemske.de\/?page_id=38\">[Read more&#8230;]<\/a><\/span><\/p>\n","protected":false},"author":1,"featured_media":0,"parent":0,"menu_order":0,"comment_status":"closed","ping_status":"closed","template":"","meta":{"footnotes":""},"class_list":["entry","page","publish","author-udemske","post-38"],"_links":{"self":[{"href":"https:\/\/ulrikedemske.de\/index.php?rest_route=\/wp\/v2\/pages\/38","targetHints":{"allow":["GET"]}}],"collection":[{"href":"https:\/\/ulrikedemske.de\/index.php?rest_route=\/wp\/v2\/pages"}],"about":[{"href":"https:\/\/ulrikedemske.de\/index.php?rest_route=\/wp\/v2\/types\/page"}],"author":[{"embeddable":true,"href":"https:\/\/ulrikedemske.de\/index.php?rest_route=\/wp\/v2\/users\/1"}],"replies":[{"embeddable":true,"href":"https:\/\/ulrikedemske.de\/index.php?rest_route=%2Fwp%2Fv2%2Fcomments&post=38"}],"version-history":[{"count":27,"href":"https:\/\/ulrikedemske.de\/index.php?rest_route=\/wp\/v2\/pages\/38\/revisions"}],"predecessor-version":[{"id":202,"href":"https:\/\/ulrikedemske.de\/index.php?rest_route=\/wp\/v2\/pages\/38\/revisions\/202"}],"wp:attachment":[{"href":"https:\/\/ulrikedemske.de\/index.php?rest_route=%2Fwp%2Fv2%2Fmedia&parent=38"}],"curies":[{"name":"wp","href":"https:\/\/api.w.org\/{rel}","templated":true}]}}