{"id":133,"date":"2017-06-04T10:41:58","date_gmt":"2017-06-04T10:41:58","guid":{"rendered":"http:\/\/ulrikedemske.de\/?page_id=133"},"modified":"2017-06-04T10:43:12","modified_gmt":"2017-06-04T10:43:12","slug":"referenzkorpus-fruehneuhochdeutsch","status":"publish","type":"page","link":"https:\/\/ulrikedemske.de\/?page_id=133","title":{"rendered":"Referenzkorpus Fr\u00fchneuhochdeutsch"},"content":{"rendered":"<h3>Referenzkorpus Fr\u00fchneuhochdeutsch<\/h3>\n<p class=\"bodytext\"><img loading=\"lazy\" decoding=\"async\" class=\"alignnone size-medium wp-image-93\" src=\"https:\/\/ulrikedemske.de\/wp-content\/uploads\/2017\/05\/Megenberg_Beispiel-300x155.jpg\" alt=\"\" width=\"300\" height=\"155\" \/><\/p>\n<p class=\"bodytext\">Das &#8222;Referenzkorpus Fr\u00fchneuhochdeutsch&#8220; ist Teil des Gro\u00dfprojekts &#8222;Korpus historischer Texte des Deutschen (Deutsch Diachron Digital = DDD)&#8220;. In diesem Rahmen wird ein Referenzkorpus f\u00fcr die fr\u00fchneuhochdeutsche Sprachstufe erstellt,\u00a0in dem hochdeutsche Sprachdenkm\u00e4ler des sp\u00e4tmittelalterlichen und fr\u00fchneuzeitlichen Abschnitts von ca. 1350 bis 1650 in strukturierter Auswahl zusammengefasst, digital verf\u00fcgbar transkribiert, lemmatisiert sowie grammatisch annotiert werden; die Auswahl ist durch die Kategorien Raum, Zeit, Textbereich, \u00dcberlieferungsform strukturiert. Ziel ist eine hinl\u00e4nglich umfangreiche, verl\u00e4ssliche und handschriften-\/druckausgabengetreue Datenbasis des Frnhd., die Recherchen zur Historiolinguistik in einem Ma\u00dfe erlaubt, das weit \u00fcber das bisher M\u00f6gliche hinausgeht; es wird zudem als Arbeitsinstrument f\u00fcr die medi\u00e4vistische und Fr\u00fchneuzeitforschung nutzbar sein. Das Projekt schlie\u00dft an die bereits laufenden Referenzkorpusprojekte \u201aAltdeutsch\u201b und \u201aMittelhochdeutsch\u201b an und wird alle dort entwickelten Methoden und Werkzeuge zur Digitalisierung (digital verf\u00fcgbare Transkription) \/ Annotation nutzen: Alle Texte werden als Volltexte (bis zu 40% aller Korpustexte) bzw. in einem Umfang von bis zu 20.000 Wortformen transkribiert und gem\u00e4\u00df einem den anderen Referenzkorpora gemeinsamen STTS-nahen Annotationsstandard aufbereitet und in das XML-Standoff-Format PAULA \u00fcberf\u00fchrt und \u00fcber die linguistische Datenbank ANNIS verf\u00fcgbar gemacht.<\/p>\n<p class=\"bodytext\">DFG-Projekt, das gemeinsam von\u00a0<a class=\"up-external-link\" title=\"Link zur Seite von Herrn Prof. Dr. Solms\" href=\"http:\/\/solms.germanistik.uni-halle.de\/\" target=\"_blank\" rel=\"noopener noreferrer\">Hans-Joachim Solms<\/a>\u00a0(Halle),\u00a0<a class=\"up-external-link\" title=\"Link zur Seite von Herrn Prof. Dr. Wegera\" href=\"http:\/\/www.ruhr-uni-bochum.de\/wegera\/\" target=\"_blank\" rel=\"noopener noreferrer\">Klaus-Peter Wegera<\/a>\u00a0(Bochum),\u00a0<a class=\"up-external-link\" title=\"Link zur Seite von Frau Prof. Dr. Dipper\" href=\"http:\/\/www.linguistics.ruhr-uni-bochum.de\/%7Edipper\/\" target=\"_blank\" rel=\"noopener noreferrer\">Stefanie Dipper<\/a>\u00a0(Bochum) und Ulrike Demske (Potsdam) getragen wird.<\/p>\n<p class=\"bodytext\"><b>Projektlaufzeit: April 2012 bis September 2018<\/b><\/p>\n","protected":false},"excerpt":{"rendered":"<p>Referenzkorpus Fr\u00fchneuhochdeutsch Das &#8222;Referenzkorpus Fr\u00fchneuhochdeutsch&#8220; ist Teil des Gro\u00dfprojekts &#8222;Korpus historischer Texte des Deutschen (Deutsch Diachron Digital = DDD)&#8220;. In diesem Rahmen wird ein Referenzkorpus f\u00fcr die fr\u00fchneuhochdeutsche Sprachstufe erstellt,\u00a0in dem hochdeutsche Sprachdenkm\u00e4ler des sp\u00e4tmittelalterlichen und fr\u00fchneuzeitlichen Abschnitts von ca. 1350 bis 1650 in strukturierter Auswahl zusammengefasst, digital verf\u00fcgbar transkribiert, lemmatisiert sowie grammatisch annotiert werden; &#8230; <span class=\"more\"><a class=\"more-link\" href=\"https:\/\/ulrikedemske.de\/?page_id=133\">[Read more&#8230;]<\/a><\/span><\/p>\n","protected":false},"author":1,"featured_media":0,"parent":44,"menu_order":0,"comment_status":"closed","ping_status":"closed","template":"","meta":{"footnotes":""},"class_list":["entry","page","publish","author-udemske","post-133"],"_links":{"self":[{"href":"https:\/\/ulrikedemske.de\/index.php?rest_route=\/wp\/v2\/pages\/133","targetHints":{"allow":["GET"]}}],"collection":[{"href":"https:\/\/ulrikedemske.de\/index.php?rest_route=\/wp\/v2\/pages"}],"about":[{"href":"https:\/\/ulrikedemske.de\/index.php?rest_route=\/wp\/v2\/types\/page"}],"author":[{"embeddable":true,"href":"https:\/\/ulrikedemske.de\/index.php?rest_route=\/wp\/v2\/users\/1"}],"replies":[{"embeddable":true,"href":"https:\/\/ulrikedemske.de\/index.php?rest_route=%2Fwp%2Fv2%2Fcomments&post=133"}],"version-history":[{"count":1,"href":"https:\/\/ulrikedemske.de\/index.php?rest_route=\/wp\/v2\/pages\/133\/revisions"}],"predecessor-version":[{"id":134,"href":"https:\/\/ulrikedemske.de\/index.php?rest_route=\/wp\/v2\/pages\/133\/revisions\/134"}],"up":[{"embeddable":true,"href":"https:\/\/ulrikedemske.de\/index.php?rest_route=\/wp\/v2\/pages\/44"}],"wp:attachment":[{"href":"https:\/\/ulrikedemske.de\/index.php?rest_route=%2Fwp%2Fv2%2Fmedia&parent=133"}],"curies":[{"name":"wp","href":"https:\/\/api.w.org\/{rel}","templated":true}]}}